{"id":5157,"date":"2015-09-30T11:00:20","date_gmt":"2015-09-30T11:00:20","guid":{"rendered":"http:\/\/themes.themegoods.com\/photography\/demo1\/?page_id=5157"},"modified":"2022-12-07T10:14:35","modified_gmt":"2022-12-07T09:14:35","slug":"accueil","status":"publish","type":"page","link":"https:\/\/agoudjian.fr\/index.php\/home\/accueil\/","title":{"rendered":"Accueil"},"content":{"rendered":"<div  class=\"one fullwidth \">\n\t\t\t<!-- START About Me Header REVOLUTION SLIDER 6.5.2 --><\/p>\n<p class=\"rs-p-wp-fix\">\n<p>\t\t\t<rs-module-wrap id=\"rev_slider_1_1_wrapper\" data-alias=\"about-me-header\" data-source=\"gallery\" style=\"visibility:hidden;background:transparent;padding:0;margin:0px auto;margin-top:0;margin-bottom:0;\"><br \/>\n\t\t\t\t<rs-module id=\"rev_slider_1_1\" style=\"\" data-version=\"6.5.2\"><br \/>\n\t\t\t\t\t<rs-slides><br \/>\n\t\t\t\t\t\t<rs-slide data-key=\"rs-1\" data-title=\"Slide\" data-in=\"o:0;\" data-out=\"a:false;\"><br \/>\n\t\t\t\t\t\t\t<img loading=\"lazy\" decoding=\"async\" src=\"\/\/agoudjian.fr\/wp-content\/uploads\/2015\/07\/ANTOINE-AGOUDJIAN_9965.jpg\" title=\"ARTSAKH 2020, AU COURS DE LA GUERRE D\u00c9CLENCH\u00c9E LE 27 SEPTEMBRE\" width=\"2000\" height=\"1335\" class=\"rev-slidebg tp-rs-img\" data-no-retina><br \/>\n<!---->\t\t\t\t\t\t<\/rs-slide><br \/>\n\t\t\t\t\t<\/rs-slides><br \/>\n\t\t\t\t<\/rs-module><br \/>\n\t\t\t\t<script type=\"text\/javascript\">\n\t\t\t\t\tsetREVStartSize({c: 'rev_slider_1_1',rl:[1240,1024,778,480],el:[700],gw:[1400],gh:[700],type:'hero',justify:'',layout:'fullwidth',mh:\"0\"});\n\t\t\t\t<\/script><br \/>\n\t\t\t<\/rs-module-wrap><br \/>\n\t\t\t<!-- END REVOLUTION SLIDER -->\n<\/div>\n<div  class=\"one withsmallpadding ppb_header \" style=\"text-align:center;padding:40px 0 40px 0;\" >\n<div class=\"standard_wrapper\">\n<div class=\"page_content_wrapper\">\n<div class=\"inner\">\n<div style=\"margin:auto;width:100%\">\n<h2 class=\"ppb_title\" style=\"\">Laur\u00e9at du Visa d&#039;or humanitaire du CICR, 2021<\/h2>\n<\/div>\n<\/div>\n<\/div>\n<\/div>\n<\/div>\n<div  class=\"one withsmallpadding ppb_text\" style=\"padding:0px 0 0px 0;\" >\n<div class=\"standard_wrapper\">\n<div class=\"page_content_wrapper\">\n<div class=\"inner\">\n<div style=\"margin:auto;width:100%\">\n<p style=\"text-align: center;\">Le Visa d&rsquo;or humanitaire du CICR a \u00e9t\u00e9 attribu\u00e9 hier \u00e0 Paris \u00e0 Antoine Agoudjian, photojournaliste fran\u00e7ais ind\u00e9pendant. Son travail, produit pour le Figaro Magazine, d\u00e9crit avec force le lourd tribut pay\u00e9 par les civils lors de la derni\u00e8re escalade de violence au Haut-Karabakh, avec d&rsquo;intenses bombardements et combats dans des zones urbaines situ\u00e9es des deux c\u00f4t\u00e9s de la ligne de front.<\/p>\n<\/div>\n<\/div>\n<\/div>\n<\/div>\n<\/div>\n<div  class=\"one\" >\n<div class=\"standard_wrapper\">\n<div id=\"16704044751690407633\" class=\"portfolio_filter_wrapper portfolio-content content gallery three_cols contain\" data-columns=\"3\">\n<div class=\"element grid  classic3_cols kenburns\">\n<div class=\"one_third gallery3 static filterable gallery_type animated1 hover_display archive\"><a href=\"https:\/\/agoudjian.fr\/index.php\/galleries\/jerusalem\/\" data-title=\"\" data-desc=\"\" data-thumb=\"https:\/\/agoudjian.fr\/wp-content\/uploads\/2015\/07\/057-Disciple-AntoineAgoudjian-300x199.jpg\"  class=\"\"><\/p>\n<div class=\"gallery_archive_desc\">\n<div class=\"gallery_archive_desc_content\">\n<div class=\"gallery_archive_desc_inner\">\n<h4>Jerusalem<\/h4>\n<div class=\"post_detail\"><\/div>\n<\/div>\n<\/div>\n<\/div>\n<ul class=\"gallery_img_slides\">\n<li><img decoding=\"async\" src=\"https:\/\/agoudjian.fr\/wp-content\/uploads\/2015\/07\/014-Lapotre-AntoineAgoudjian-705x529.jpg\" alt=\"\" class=\"static\"\/><\/li>\n<li><img decoding=\"async\" src=\"https:\/\/agoudjian.fr\/wp-content\/uploads\/2015\/07\/027-La_Rouelle-AntoineAgoudjian-705x529.jpg\" alt=\"\" class=\"static\"\/><\/li>\n<li><img decoding=\"async\" src=\"https:\/\/agoudjian.fr\/wp-content\/uploads\/2015\/07\/057-Disciple-AntoineAgoudjian-705x529.jpg\" alt=\"\" class=\"static\"\/><\/li>\n<li><img decoding=\"async\" src=\"https:\/\/agoudjian.fr\/wp-content\/uploads\/2015\/07\/058-Le_Sanctuaire-AntoineAgoudjian.-705x529.jpg\" alt=\"\" class=\"static\"\/><\/li>\n<li><img decoding=\"async\" src=\"https:\/\/agoudjian.fr\/wp-content\/uploads\/2015\/07\/077-40Martyrs-AntoineAgoudjian-705x529.jpg\" alt=\"\" class=\"static\"\/><\/li>\n<\/ul>\n<p><img decoding=\"async\" src=\"https:\/\/agoudjian.fr\/wp-content\/uploads\/2015\/07\/057-Disciple-AntoineAgoudjian-705x529.jpg\" alt=\"Jerusalem\" class=\"preview\"\/><\/a><\/div>\n<\/div>\n<div class=\"element grid  classic3_cols kenburns\">\n<div class=\"one_third gallery3 static filterable gallery_type animated2 hover_display archive\"><a href=\"https:\/\/agoudjian.fr\/index.php\/galleries\/georgie\/\" data-title=\"\" data-desc=\"\" data-thumb=\"https:\/\/agoudjian.fr\/wp-content\/uploads\/2015\/07\/006-Lalliance-AntoineAgoudjian-300x200.jpg\"  class=\"\"><\/p>\n<div class=\"gallery_archive_desc\">\n<div class=\"gallery_archive_desc_content\">\n<div class=\"gallery_archive_desc_inner\">\n<h4>G\u00e9orgie<\/h4>\n<div class=\"post_detail\"><\/div>\n<\/div>\n<\/div>\n<\/div>\n<ul class=\"gallery_img_slides\">\n<li><img decoding=\"async\" src=\"https:\/\/agoudjian.fr\/wp-content\/uploads\/2015\/07\/006-Lalliance-AntoineAgoudjian-705x529.jpg\" alt=\"\" class=\"static\"\/><\/li>\n<li><img decoding=\"async\" src=\"https:\/\/agoudjian.fr\/wp-content\/uploads\/2015\/07\/007-Apparatchiks-AntoineAgoudjian-705x529.jpg\" alt=\"\" class=\"static\"\/><\/li>\n<li><img decoding=\"async\" src=\"https:\/\/agoudjian.fr\/wp-content\/uploads\/2015\/07\/018-Larene-AntoineAgoudjian-705x529.jpg\" alt=\"\" class=\"static\"\/><\/li>\n<li><img decoding=\"async\" src=\"https:\/\/agoudjian.fr\/wp-content\/uploads\/2015\/07\/019-La_Coix_Des_Ombres-AntoineAgoudjian-705x529.jpg\" alt=\"\" class=\"static\"\/><\/li>\n<li><img decoding=\"async\" src=\"https:\/\/agoudjian.fr\/wp-content\/uploads\/2015\/07\/038-Pandora_Box-AntoineAgoudjian-705x529.jpg\" alt=\"\" class=\"static\"\/><\/li>\n<\/ul>\n<p><img decoding=\"async\" src=\"https:\/\/agoudjian.fr\/wp-content\/uploads\/2015\/07\/006-Lalliance-AntoineAgoudjian-705x529.jpg\" alt=\"G\u00e9orgie\" class=\"preview\"\/><\/a><\/div>\n<\/div>\n<div class=\"element grid  classic3_cols kenburns\">\n<div class=\"one_third gallery3 static filterable gallery_type animated3 hover_display archive\"><a href=\"https:\/\/agoudjian.fr\/index.php\/galleries\/iran\/\" data-title=\"\" data-desc=\"\" data-thumb=\"https:\/\/agoudjian.fr\/wp-content\/uploads\/2015\/07\/009-Les_Deportes-AntoineAgoudjian-300x200.jpg\"  class=\"\"><\/p>\n<div class=\"gallery_archive_desc\">\n<div class=\"gallery_archive_desc_content\">\n<div class=\"gallery_archive_desc_inner\">\n<h4>Iran<\/h4>\n<div class=\"post_detail\"><\/div>\n<\/div>\n<\/div>\n<\/div>\n<ul class=\"gallery_img_slides\">\n<li><img decoding=\"async\" src=\"https:\/\/agoudjian.fr\/wp-content\/uploads\/2015\/07\/009-Les_Deportes-AntoineAgoudjian-705x529.jpg\" alt=\"\" class=\"static\"\/><\/li>\n<li><img decoding=\"async\" src=\"https:\/\/agoudjian.fr\/wp-content\/uploads\/2015\/07\/039-La_Passion-AntoineAgoudjian-705x529.jpg\" alt=\"\" class=\"static\"\/><\/li>\n<li><img decoding=\"async\" src=\"https:\/\/agoudjian.fr\/wp-content\/uploads\/2015\/07\/076-Letreinte-AntoineAgoudjian-705x529.jpg\" alt=\"\" class=\"static\"\/><\/li>\n<\/ul>\n<p><img decoding=\"async\" src=\"https:\/\/agoudjian.fr\/wp-content\/uploads\/2015\/07\/009-Les_Deportes-AntoineAgoudjian-705x529.jpg\" alt=\"Iran\" class=\"preview\"\/><\/a><\/div>\n<\/div>\n<div class=\"element grid  classic3_cols kenburns\">\n<div class=\"one_third gallery3 static filterable gallery_type animated4 hover_display archive\"><a href=\"https:\/\/agoudjian.fr\/index.php\/galleries\/france\/\" data-title=\"\" data-desc=\"\" data-thumb=\"https:\/\/agoudjian.fr\/wp-content\/uploads\/2015\/07\/ANTOINE-AGOUDJIAN_8878-300x200.jpg\"  class=\"\"><\/p>\n<div class=\"gallery_archive_desc\">\n<div class=\"gallery_archive_desc_content\">\n<div class=\"gallery_archive_desc_inner\">\n<h4>France<\/h4>\n<div class=\"post_detail\"><\/div>\n<\/div>\n<\/div>\n<\/div>\n<ul class=\"gallery_img_slides\">\n<li><img decoding=\"async\" src=\"https:\/\/agoudjian.fr\/wp-content\/uploads\/2015\/07\/ANTOINE-AGOUDJIAN_8878-705x529.jpg\" alt=\"\" class=\"static\"\/><\/li>\n<\/ul>\n<p><img decoding=\"async\" src=\"https:\/\/agoudjian.fr\/wp-content\/uploads\/2015\/07\/ANTOINE-AGOUDJIAN_8878-705x529.jpg\" alt=\"France\" class=\"preview\"\/><\/a><\/div>\n<\/div>\n<div class=\"element grid  classic3_cols kenburns\">\n<div class=\"one_third gallery3 static filterable gallery_type animated5 hover_display archive\"><a href=\"https:\/\/agoudjian.fr\/index.php\/galleries\/artsakh-haut-kharabagh\/\" data-title=\"\" data-desc=\"\" data-thumb=\"https:\/\/agoudjian.fr\/wp-content\/uploads\/2015\/07\/002-Ardzakh-AntoineAgoudjian-300x200.jpg\"  class=\"\"><\/p>\n<div class=\"gallery_archive_desc\">\n<div class=\"gallery_archive_desc_content\">\n<div class=\"gallery_archive_desc_inner\">\n<h4>Artsakh (Haut-Kharabagh)<\/h4>\n<div class=\"post_detail\"><\/div>\n<\/div>\n<\/div>\n<\/div>\n<ul class=\"gallery_img_slides\">\n<li><img decoding=\"async\" src=\"https:\/\/agoudjian.fr\/wp-content\/uploads\/2015\/07\/002-Ardzakh-AntoineAgoudjian-705x529.jpg\" alt=\"\" class=\"static\"\/><\/li>\n<li><img decoding=\"async\" src=\"https:\/\/agoudjian.fr\/wp-content\/uploads\/2015\/07\/011-Exile-AntoineAgoudjian-705x529.jpg\" alt=\"\" class=\"static\"\/><\/li>\n<li><img decoding=\"async\" src=\"https:\/\/agoudjian.fr\/wp-content\/uploads\/2015\/07\/043-Assieges-AntoineAgoudjian-705x529.jpg\" alt=\"\" class=\"static\"\/><\/li>\n<li><img decoding=\"async\" src=\"https:\/\/agoudjian.fr\/wp-content\/uploads\/2015\/07\/047-Caravane-AntoineAgoudjian-705x529.jpg\" alt=\"\" class=\"static\"\/><\/li>\n<li><img decoding=\"async\" src=\"https:\/\/agoudjian.fr\/wp-content\/uploads\/2015\/07\/065-Du_Sang_Dans_La_Poussiere-AntoineAgoudjian-705x529.jpg\" alt=\"\" class=\"static\"\/><\/li>\n<\/ul>\n<p><img decoding=\"async\" src=\"https:\/\/agoudjian.fr\/wp-content\/uploads\/2015\/07\/002-Ardzakh-AntoineAgoudjian-705x529.jpg\" alt=\"Artsakh (Haut-Kharabagh)\" class=\"preview\"\/><\/a><\/div>\n<\/div>\n<div class=\"element grid  classic3_cols kenburns\">\n<div class=\"one_third gallery3 static filterable gallery_type animated6 hover_display archive\"><a href=\"https:\/\/agoudjian.fr\/index.php\/galleries\/armenie\/\" data-title=\"\" data-desc=\"\" data-thumb=\"https:\/\/agoudjian.fr\/wp-content\/uploads\/2015\/07\/001_Ishran-AntoineAgoudjian-300x204.jpg\"  class=\"\"><\/p>\n<div class=\"gallery_archive_desc\">\n<div class=\"gallery_archive_desc_content\">\n<div class=\"gallery_archive_desc_inner\">\n<h4>Arm\u00e9nie<\/h4>\n<div class=\"post_detail\"><\/div>\n<\/div>\n<\/div>\n<\/div>\n<ul class=\"gallery_img_slides\">\n<li><img decoding=\"async\" src=\"https:\/\/agoudjian.fr\/wp-content\/uploads\/2015\/07\/001_Ishran-AntoineAgoudjian-705x529.jpg\" alt=\"\" class=\"static\"\/><\/li>\n<li><img decoding=\"async\" src=\"https:\/\/agoudjian.fr\/wp-content\/uploads\/2015\/07\/003-Ishtar-AntoineAgoudjian-705x529.jpg\" alt=\"\" class=\"static\"\/><\/li>\n<li><img decoding=\"async\" src=\"https:\/\/agoudjian.fr\/wp-content\/uploads\/2015\/07\/004-Le_Trophee-AntoineAgoudjian-705x529.jpg\" alt=\"\" class=\"static\"\/><\/li>\n<li><img decoding=\"async\" src=\"https:\/\/agoudjian.fr\/wp-content\/uploads\/2015\/07\/008-La_Relique-AntoineAgoudjian-705x529.jpg\" alt=\"\" class=\"static\"\/><\/li>\n<li><img decoding=\"async\" src=\"https:\/\/agoudjian.fr\/wp-content\/uploads\/2015\/07\/010-Loffrande-AntoineAgoudjian-705x529.jpg\" alt=\"\" class=\"static\"\/><\/li>\n<\/ul>\n<p><img decoding=\"async\" src=\"https:\/\/agoudjian.fr\/wp-content\/uploads\/2015\/07\/001_Ishran-AntoineAgoudjian-705x529.jpg\" alt=\"Arm\u00e9nie\" class=\"preview\"\/><\/a><\/div>\n<\/div>\n<div class=\"element grid  classic3_cols kenburns\">\n<div class=\"one_third gallery3 static filterable gallery_type animated7 hover_display archive\"><a href=\"https:\/\/agoudjian.fr\/index.php\/galleries\/liban\/\" data-title=\"\" data-desc=\"\" data-thumb=\"https:\/\/agoudjian.fr\/wp-content\/uploads\/2015\/07\/061-Le_Piege-AntoineAgoudjian-300x201.jpg\"  class=\"\"><\/p>\n<div class=\"gallery_archive_desc\">\n<div class=\"gallery_archive_desc_content\">\n<div class=\"gallery_archive_desc_inner\">\n<h4>Liban<\/h4>\n<div class=\"post_detail\"><\/div>\n<\/div>\n<\/div>\n<\/div>\n<ul class=\"gallery_img_slides\">\n<li><img decoding=\"async\" src=\"https:\/\/agoudjian.fr\/wp-content\/uploads\/2015\/07\/031-Genos_Caedere-AntoineAgoudjian.-705x529.jpg\" alt=\"\" class=\"static\"\/><\/li>\n<li><img decoding=\"async\" src=\"https:\/\/agoudjian.fr\/wp-content\/uploads\/2015\/07\/035-Epouvantee-AntoineAgoudjian-705x529.jpg\" alt=\"\" class=\"static\"\/><\/li>\n<li><img decoding=\"async\" src=\"https:\/\/agoudjian.fr\/wp-content\/uploads\/2015\/07\/054-Nid_Doiseau-AntoineAgoudjian-705x529.jpg\" alt=\"\" class=\"static\"\/><\/li>\n<li><img decoding=\"async\" src=\"https:\/\/agoudjian.fr\/wp-content\/uploads\/2015\/07\/061-Le_Piege-AntoineAgoudjian-705x529.jpg\" alt=\"\" class=\"static\"\/><\/li>\n<li><img decoding=\"async\" src=\"https:\/\/agoudjian.fr\/wp-content\/uploads\/2015\/07\/064-Le_Feu_Sous_La_Glace-AntoineAgoudjian-705x529.jpg\" alt=\"\" class=\"static\"\/><\/li>\n<\/ul>\n<p><img decoding=\"async\" src=\"https:\/\/agoudjian.fr\/wp-content\/uploads\/2015\/07\/061-Le_Piege-AntoineAgoudjian-705x529.jpg\" alt=\"Liban\" class=\"preview\"\/><\/a><\/div>\n<\/div>\n<div class=\"element grid  classic3_cols kenburns\">\n<div class=\"one_third gallery3 static filterable gallery_type animated8 hover_display archive\"><a href=\"https:\/\/agoudjian.fr\/index.php\/galleries\/syrie\/\" data-title=\"R\u00e9fugi\u00e9s ayant fuit les combats des villes de Baghuz, dernier bastion de l&#039;E.I. R\u00e9cup\u00e9r\u00e9s dans le d\u00e9sert ils sont pris en charge par le FDS, (forces kurdo-arabes soutenues par la coalition am\u00e9nicano-fran\u00e7aise). Les femmes sont s\u00e9par\u00e9es des hommes. Les jeunes hommes sont majoritairement des combattants de l&#039;E.I. Ils int\u00e9greront un camp dans lequel ils subiront des interrogatoires afin d&#039;identifier et s\u00e9parer les civils des combattants djiahadistes. De nombreux enfants ont parmi les r\u00e9fugi\u00e9s.\" data-desc=\"\" data-thumb=\"https:\/\/agoudjian.fr\/wp-content\/uploads\/2015\/07\/ANTOINE-AGOUDJIAN_0572-300x200.jpg\"  class=\"\"><\/p>\n<div class=\"gallery_archive_desc\">\n<div class=\"gallery_archive_desc_content\">\n<div class=\"gallery_archive_desc_inner\">\n<h4>Syrie<\/h4>\n<div class=\"post_detail\"><\/div>\n<\/div>\n<\/div>\n<\/div>\n<ul class=\"gallery_img_slides\">\n<li><img decoding=\"async\" src=\"https:\/\/agoudjian.fr\/wp-content\/uploads\/2015\/07\/013-Le_Cordon-AntoineAgoudjian-705x529.jpg\" alt=\"\" class=\"static\"\/><\/li>\n<li><img decoding=\"async\" src=\"https:\/\/agoudjian.fr\/wp-content\/uploads\/2015\/07\/017-Via_Dolorosa-AntoineAgoudjian-705x529.jpg\" alt=\"\" class=\"static\"\/><\/li>\n<li><img decoding=\"async\" src=\"https:\/\/agoudjian.fr\/wp-content\/uploads\/2015\/07\/030-Le_Corridor-AntoineAgoudjian-705x529.jpg\" alt=\"\" class=\"static\"\/><\/li>\n<li><img decoding=\"async\" src=\"https:\/\/agoudjian.fr\/wp-content\/uploads\/2015\/07\/042-Rue_Baron-AntoineAgoudjian-705x529.jpg\" alt=\"\" class=\"static\"\/><\/li>\n<li><img decoding=\"async\" src=\"https:\/\/agoudjian.fr\/wp-content\/uploads\/2015\/07\/045-Les_Yeux_Brulants-AntoineAgoudjian-705x529.jpg\" alt=\"\" class=\"static\"\/><\/li>\n<\/ul>\n<p><img decoding=\"async\" src=\"https:\/\/agoudjian.fr\/wp-content\/uploads\/2015\/07\/ANTOINE-AGOUDJIAN_0572-705x529.jpg\" alt=\"Syrie\" class=\"preview\"\/><\/a><\/div>\n<\/div>\n<div class=\"element grid  classic3_cols kenburns\">\n<div class=\"one_third gallery3 static filterable gallery_type animated9 hover_display archive\"><a href=\"https:\/\/agoudjian.fr\/index.php\/galleries\/turquie\/\" data-title=\"\" data-desc=\"\" data-thumb=\"https:\/\/agoudjian.fr\/wp-content\/uploads\/2015\/07\/012-La_Terre_Des_Hommes-AntoineAgoudjian-300x200.jpg\"  class=\"\"><\/p>\n<div class=\"gallery_archive_desc\">\n<div class=\"gallery_archive_desc_content\">\n<div class=\"gallery_archive_desc_inner\">\n<h4>Turquie<\/h4>\n<div class=\"post_detail\"><\/div>\n<\/div>\n<\/div>\n<\/div>\n<ul class=\"gallery_img_slides\">\n<li><img decoding=\"async\" src=\"https:\/\/agoudjian.fr\/wp-content\/uploads\/2015\/07\/012-La_Terre_Des_Hommes-AntoineAgoudjian-705x529.jpg\" alt=\"\" class=\"static\"\/><\/li>\n<li><img decoding=\"async\" src=\"https:\/\/agoudjian.fr\/wp-content\/uploads\/2015\/07\/015-Les_Insoumis-AntoineAgoudjian-705x529.jpg\" alt=\"\" class=\"static\"\/><\/li>\n<li><img decoding=\"async\" src=\"https:\/\/agoudjian.fr\/wp-content\/uploads\/2015\/07\/016-Traces-AntoineAgoudjian-705x529.jpg\" alt=\"\" class=\"static\"\/><\/li>\n<li><img decoding=\"async\" src=\"https:\/\/agoudjian.fr\/wp-content\/uploads\/2015\/07\/020-Le_Royaume_perdu-AntoineAgoudjian-705x529.jpg\" alt=\"\" class=\"static\"\/><\/li>\n<li><img decoding=\"async\" src=\"https:\/\/agoudjian.fr\/wp-content\/uploads\/2015\/07\/021-Lenvol-AntoineAgoudjian-705x529.jpg\" alt=\"\" class=\"static\"\/><\/li>\n<\/ul>\n<p><img decoding=\"async\" src=\"https:\/\/agoudjian.fr\/wp-content\/uploads\/2015\/07\/012-La_Terre_Des_Hommes-AntoineAgoudjian-705x529.jpg\" alt=\"Turquie\" class=\"preview\"\/><\/a><\/div>\n<\/div>\n<div class=\"element grid  classic3_cols kenburns\">\n<div class=\"one_third gallery3 static filterable gallery_type animated10 hover_display archive\"><a href=\"https:\/\/agoudjian.fr\/index.php\/galleries\/irak\/\" data-title=\"\" data-desc=\"\" data-thumb=\"https:\/\/agoudjian.fr\/wp-content\/uploads\/2015\/07\/ANTOINE-AGOUDJIAN_0280-300x200.jpg\"  class=\"\"><\/p>\n<div class=\"gallery_archive_desc\">\n<div class=\"gallery_archive_desc_content\">\n<div class=\"gallery_archive_desc_inner\">\n<h4>Irak<\/h4>\n<div class=\"post_detail\"><\/div>\n<\/div>\n<\/div>\n<\/div>\n<ul class=\"gallery_img_slides\">\n<li><img decoding=\"async\" src=\"https:\/\/agoudjian.fr\/wp-content\/uploads\/2015\/07\/005-Le_sacrement-AntoineAgoudjian-705x529.jpg\" alt=\"\" class=\"static\"\/><\/li>\n<li><img decoding=\"async\" src=\"https:\/\/agoudjian.fr\/wp-content\/uploads\/2015\/07\/071-Les_Miserables-AntoineAgoudjian-705x529.jpg\" alt=\"\" class=\"static\"\/><\/li>\n<li><img decoding=\"async\" src=\"https:\/\/agoudjian.fr\/wp-content\/uploads\/2015\/07\/076-Letreinte-AntoineAgoudjian-705x529.jpg\" alt=\"\" class=\"static\"\/><\/li>\n<li><img decoding=\"async\" src=\"https:\/\/agoudjian.fr\/wp-content\/uploads\/2015\/07\/079-Le_Siege-AntoineAgoudjian-705x529.jpg\" alt=\"\" class=\"static\"\/><\/li>\n<li><img decoding=\"async\" src=\"https:\/\/agoudjian.fr\/wp-content\/uploads\/2015\/07\/082-Corpus_Christi-AntoineAgoudjian-705x529.jpg\" alt=\"\" class=\"static\"\/><\/li>\n<\/ul>\n<p><img decoding=\"async\" src=\"https:\/\/agoudjian.fr\/wp-content\/uploads\/2015\/07\/ANTOINE-AGOUDJIAN_0280-705x529.jpg\" alt=\"Irak\" class=\"preview\"\/><\/a><\/div>\n<\/div>\n<\/div>\n<\/div>\n<\/div>\n","protected":false},"excerpt":{"rendered":"","protected":false},"author":1,"featured_media":0,"parent":3602,"menu_order":0,"comment_status":"closed","ping_status":"closed","template":"","meta":{"footnotes":""},"class_list":["post-5157","page","type-page","status-publish","hentry"],"_links":{"self":[{"href":"https:\/\/agoudjian.fr\/index.php\/wp-json\/wp\/v2\/pages\/5157","targetHints":{"allow":["GET"]}}],"collection":[{"href":"https:\/\/agoudjian.fr\/index.php\/wp-json\/wp\/v2\/pages"}],"about":[{"href":"https:\/\/agoudjian.fr\/index.php\/wp-json\/wp\/v2\/types\/page"}],"author":[{"embeddable":true,"href":"https:\/\/agoudjian.fr\/index.php\/wp-json\/wp\/v2\/users\/1"}],"replies":[{"embeddable":true,"href":"https:\/\/agoudjian.fr\/index.php\/wp-json\/wp\/v2\/comments?post=5157"}],"version-history":[{"count":49,"href":"https:\/\/agoudjian.fr\/index.php\/wp-json\/wp\/v2\/pages\/5157\/revisions"}],"predecessor-version":[{"id":6516,"href":"https:\/\/agoudjian.fr\/index.php\/wp-json\/wp\/v2\/pages\/5157\/revisions\/6516"}],"up":[{"embeddable":true,"href":"https:\/\/agoudjian.fr\/index.php\/wp-json\/wp\/v2\/pages\/3602"}],"wp:attachment":[{"href":"https:\/\/agoudjian.fr\/index.php\/wp-json\/wp\/v2\/media?parent=5157"}],"curies":[{"name":"wp","href":"https:\/\/api.w.org\/{rel}","templated":true}]}}